{"id":2,"date":"2008-09-04T16:48:21","date_gmt":"2008-09-04T14:48:21","guid":{"rendered":"http:\/\/www.a-wie-augenarzt.de\/?page_id=2"},"modified":"2019-02-26T11:28:10","modified_gmt":"2019-02-26T09:28:10","slug":"about","status":"publish","type":"page","link":"https:\/\/www.a-wie-augenarzt.de\/?page_id=2","title":{"rendered":"Impressum"},"content":{"rendered":"<p><strong>Diensteanbieter im Sinne des \u00a7 5 TMG:<\/strong><br \/>\nDOG \u2013 Deutsche Ophthalmologische Gesellschaft e.V.<br \/>\nGesch\u00e4ftsf\u00fchrer: Dr. Dipl.-Kfm. Philip Gass<br \/>\nGesch\u00e4ftsstelle: Platenstra\u00dfe 1, 80336 M\u00fcnchen<br \/>\nTel. +49 89 5505 7680<br \/>\nFax +49 89 5505 76811<br \/>\n<a href=\"mailto:geschaeftsstelle@dog.org\">E-Mail<\/a><\/p>\n<p>Statuarischer Sitz der DOG in Heidelberg<br \/>\nDeutsche Ophthalmologische Gesellschaft e.V.<br \/>\nKlingenteich Stra\u00dfe 2, 69117 Heidelberg<\/p>\n<p>Registergericht: Amtsgericht Mannheim<br \/>\nVereinsregisternummer: VR 330105<\/p>\n<p><strong>Verantwortlich f\u00fcr den Inhalt nach \u00a7 55 Absatz 2 RStV:<\/strong><br \/>\nDr. Dipl.-Kfm. Philip Gass, Gesch\u00e4ftsf\u00fchrer der DOG \u2013 Deutsche Ophthalmologische Gesellschaft e.V., Platenstra\u00dfe 1, 80336 M\u00fcnchen<\/p>\n<p><strong>Online Streitbeilegung:<\/strong><br \/>\nDie EU stellt eine Internet-Plattform zur Online-Streitbeilegung (OS-Plattform) zur Verf\u00fcgung. Diese OS-Plattform soll dazu dienen Streitigkeiten zwischen Verbrauchern und Online-H\u00e4ndlern bei online geschlossenen Kauf- oder Dienstleistungsvertr\u00e4gen m\u00f6glichst schnell und effektiv beizulegen.<\/p>\n<p>Die Plattform zur Online-Streitbeilegung k\u00f6nnen Sie hier aufrufen:<\/p>\n<p>Gem\u00e4\u00df Art. 14 der ODR-Verordnung nennen wir in diesem Zusammenhang zu Ihrer Kenntnis nochmals unsere E-Mailadresse: geschaeftsstelle@dog.org<\/p>\n<p><strong>Autoren<\/strong><br \/>\nProf. Dr. med. Monika Fleckenstein (Universit\u00e4ts-Augenklinik Bonn)<br \/>\nDr. med. Moritz Lindner (Universit\u00e4ts-Augenklinik Bonn)<br \/>\nDr. med. Petra Larsen (Universit\u00e4ts-Augenklinik Bonn)<\/p>\n<p><strong>Haftungshinweis<\/strong><br \/>\nEs wird keine Garantie f\u00fcr Aktualit\u00e4t, Richtigkeit und Vollst\u00e4ndigkeit des Inhaltes interner und externer Verweise \u00fcbernommen.<\/p>\n<p>Die Autoren bitten darum, \u00fcber m\u00f6gliche Fehler informiert zu werden; eine Korrektur wird nach Pr\u00fcfung umgehend vorgenommen.<\/p>\n<p>Diese Seiten sind ausschlie\u00dflich f\u00fcr Medizinstudenten bzw. \u00c4rzte konzipiert; das Lesen der Skripte ersetzt keinesfalls den Arztbesuch; von Selbstdiagnosen bzw. Therapien, die auf dem Inhalt dieser Skripte\/Kompendien basieren wird dringend abgeraten.<\/p>\n<p>Der Inhalt der zur Verf\u00fcgung gestellten Skripte\/Kompendien kann nicht denjenigen von Lehrb\u00fcchern bzw. von Vorlesungen ersetzen.<\/p>\n<p>Trotz sorgf\u00e4ltiger inhaltlicher Kontrolle \u00fcbernehmen wir keine Haftung f\u00fcr die Inhalte externer Links.<br \/>\nF\u00fcr den Inhalt der verlinkten Seiten sind ausschlie\u00dflich deren Betreiber verantwortlich.<\/p>\n<p><strong>Design &amp; Layout<\/strong><br \/>\ndesign alliance<br \/>\n<a href=\"http:\/\/www.bueroromanlorenz.de\/\">B\u00fcro Roman Lorenz<\/a><br \/>\nGestaltung visueller Kommunikation<br \/>\nM\u00fcnchen<\/p>\n<p><strong>Technische Umsetzung &amp; Programmierung<\/strong><br \/>\n<a href=\"http:\/\/www.hdpublish.de\/\">HDpublish GmbH &amp; Co. KG<\/a><br \/>\nM\u00fcnchen<\/p>\n<p>Letzte Aktualisierung: am 15.05.2018<\/p>\n","protected":false},"excerpt":{"rendered":"<p>Diensteanbieter im Sinne des \u00a7 5 TMG: DOG \u2013 Deutsche Ophthalmologische Gesellschaft e.V. Gesch\u00e4ftsf\u00fchrer: Dr. Dipl.-Kfm. Philip Gass Gesch\u00e4ftsstelle: Platenstra\u00dfe 1, 80336 M\u00fcnchen Tel. +49 89 5505 7680 Fax +49 89 5505 76811 E-Mail Statuarischer Sitz der DOG in Heidelberg Deutsche Ophthalmologische Gesellschaft e.V. Klingenteich Stra\u00dfe 2, 69117 Heidelberg Registergericht: Amtsgericht Mannheim Vereinsregisternummer: VR 330105 [&hellip;]<\/p>\n","protected":false},"author":4,"featured_media":0,"parent":0,"menu_order":2,"comment_status":"open","ping_status":"open","template":"","meta":{"footnotes":""},"_links":{"self":[{"href":"https:\/\/www.a-wie-augenarzt.de\/index.php?rest_route=\/wp\/v2\/pages\/2"}],"collection":[{"href":"https:\/\/www.a-wie-augenarzt.de\/index.php?rest_route=\/wp\/v2\/pages"}],"about":[{"href":"https:\/\/www.a-wie-augenarzt.de\/index.php?rest_route=\/wp\/v2\/types\/page"}],"author":[{"embeddable":true,"href":"https:\/\/www.a-wie-augenarzt.de\/index.php?rest_route=\/wp\/v2\/users\/4"}],"replies":[{"embeddable":true,"href":"https:\/\/www.a-wie-augenarzt.de\/index.php?rest_route=%2Fwp%2Fv2%2Fcomments&post=2"}],"version-history":[{"count":29,"href":"https:\/\/www.a-wie-augenarzt.de\/index.php?rest_route=\/wp\/v2\/pages\/2\/revisions"}],"predecessor-version":[{"id":2009,"href":"https:\/\/www.a-wie-augenarzt.de\/index.php?rest_route=\/wp\/v2\/pages\/2\/revisions\/2009"}],"wp:attachment":[{"href":"https:\/\/www.a-wie-augenarzt.de\/index.php?rest_route=%2Fwp%2Fv2%2Fmedia&parent=2"}],"curies":[{"name":"wp","href":"https:\/\/api.w.org\/{rel}","templated":true}]}}